{"id":323,"date":"2022-08-01T18:05:00","date_gmt":"2022-08-01T16:05:00","guid":{"rendered":"http:\/\/savatevercorsaltitude.com\/?page_id=323"},"modified":"2025-07-27T15:38:13","modified_gmt":"2025-07-27T13:38:13","slug":"adhesions","status":"publish","type":"page","link":"https:\/\/savatevercorsaltitude.com\/index.php\/adhesions\/","title":{"rendered":"Adh\u00e9sions"},"content":{"rendered":"\n<p class=\"has-text-align-center\">1er Cours d&rsquo;essai gratuit \u2022 R\u00e9duction de 10% sur la deuxi\u00e8me adh\u00e9sion familiale \u2022 Pass R\u00e9gion \u2022 Carte Tattoo \u2022 Pass&rsquo;Sport<\/p>\n\n\n\n<div class=\"wp-block-columns alignwide is-layout-flex wp-container-core-columns-is-layout-28f84493 wp-block-columns-is-layout-flex\">\n<div class=\"wp-block-column has-text-color has-background has-link-color wp-elements-08a08bb4952fc3f13355b7ff5b117d03 is-layout-flow wp-block-column-is-layout-flow\" style=\"color:#000000;background-color:#ff0000;padding-top:2em;padding-right:2em;padding-bottom:2em;padding-left:2em\">\n<h3 class=\"wp-block-heading has-text-align-center\" id=\"single\" style=\"font-size:40px\">    Tarifs    annuel<\/h3>\n\n\n\n<p class=\"has-text-align-center\" style=\"font-size:17px\">du 1er septembre au 30 juin<\/p>\n\n\n\n<hr class=\"wp-block-separator has-text-color has-white-color has-alpha-channel-opacity has-white-background-color has-background is-style-wide\"\/>\n\n\n\n<ul class=\"wp-block-list\">\n<li>ENFANTS de 9 \u00e0 12 ans :         145 \u20ac + 19 \u20ac licence FFSBF&amp;DA<\/li>\n<\/ul>\n\n\n\n<hr class=\"wp-block-separator has-alpha-channel-opacity\"\/>\n\n\n\n<ul class=\"wp-block-list\">\n<li>ADOS de 13 \u00e0 15 ans :             187 \u20ac + 19 \u20ac licence FFSBF&amp;DA<\/li>\n<\/ul>\n\n\n\n<hr class=\"wp-block-separator has-alpha-channel-opacity\"\/>\n\n\n\n<ul class=\"wp-block-list\">\n<li>ADULTES \u00e0 partir de 16 ans :   187 \u20ac + 34 \u20ac licence FFSBF&amp;DA<\/li>\n<\/ul>\n\n\n\n<hr class=\"wp-block-separator has-alpha-channel-opacity is-style-wide\"\/>\n<\/div>\n\n\n\n<div class=\"wp-block-column has-text-color has-background has-link-color wp-elements-bedc817f4c71b75281d347eea80c894e is-layout-flow wp-block-column-is-layout-flow\" style=\"color:#000000;background-color:#ff0000;padding-top:2em;padding-right:2em;padding-bottom:2em;padding-left:2em\">\n<h3 class=\"wp-block-heading has-text-align-center\" id=\"family\" style=\"font-size:40px\">Tarifs automne<\/h3>\n\n\n\n<p class=\"has-text-align-center\" style=\"font-size:17px\">du 1er septembre au 31 d\u00e9cembre<\/p>\n\n\n\n<hr class=\"wp-block-separator has-css-opacity is-style-wide\"\/>\n\n\n\n<ul class=\"wp-block-list\">\n<li>ADULTES \u00e0 partir de 16 ans :    97 \u20ac + 34 \u20ac licence FFSBF&amp;DA<\/li>\n<\/ul>\n\n\n\n<hr class=\"wp-block-separator has-alpha-channel-opacity is-style-wide\"\/>\n<\/div>\n\n\n\n<div class=\"wp-block-column has-text-color has-background has-link-color wp-elements-748c5a1874e58e30bb1f82d93b93ad4b is-layout-flow wp-block-column-is-layout-flow\" style=\"color:#000000;background-color:#fc0000;padding-top:2em;padding-right:2em;padding-bottom:2em;padding-left:2em\">\n<h3 class=\"wp-block-heading has-text-align-center\" id=\"patron\" style=\"font-size:40px\">Tarifs printemps<\/h3>\n\n\n\n<p class=\"has-text-align-center\" style=\"font-size:17px\">du 1er janvier au 30 juin<\/p>\n\n\n\n<hr class=\"wp-block-separator has-css-opacity is-style-wide\"\/>\n\n\n\n<ul class=\"wp-block-list\">\n<li>ENFANTS de 9 \u00e0 12 ans :                          85 \u20ac + 19 \u20ac licence FFSBF&amp;DA<\/li>\n<\/ul>\n\n\n\n<hr class=\"wp-block-separator has-alpha-channel-opacity\"\/>\n\n\n\n<ul class=\"wp-block-list\">\n<li>ADOS de 13 \u00e0 15 ans :            117 \u20ac + 19 \u20ac licence FFSBF&amp;DA<\/li>\n<\/ul>\n\n\n\n<hr class=\"wp-block-separator has-alpha-channel-opacity\"\/>\n\n\n\n<ul class=\"wp-block-list\">\n<li>ADULTES \u00e0 partir de 16 ans :  117 \u20ac + 34 \u20ac licence FFSBF&amp;DA<\/li>\n<\/ul>\n\n\n\n<hr class=\"wp-block-separator has-css-opacity is-style-wide\"\/>\n<\/div>\n<\/div>\n","protected":false},"excerpt":{"rendered":"<p>1er Cours d&rsquo;essai gratuit \u2022 R\u00e9duction de 10% sur la deuxi\u00e8me adh\u00e9sion familiale \u2022 Pass R\u00e9gion \u2022 Carte Tattoo \u2022 Pass&rsquo;Sport Tarifs annuel du 1er septembre au 30 juin Tarifs automne du 1er septembre au 31 d\u00e9cembre Tarifs printemps du 1er janvier au 30 juin<\/p>\n","protected":false},"author":1,"featured_media":175,"parent":0,"menu_order":0,"comment_status":"closed","ping_status":"closed","template":"","meta":{"footnotes":""},"class_list":["post-323","page","type-page","status-publish","has-post-thumbnail","hentry"],"yoast_head":"<!-- This site is optimized with the Yoast SEO plugin v21.0 - https:\/\/yoast.com\/wordpress\/plugins\/seo\/ -->\n<title>Adh\u00e9sions - Savate Vercors Altitude<\/title>\n<meta name=\"description\" content=\"Toutes les modalit\u00e9s d&#039;inscription vous sont pr\u00e9sent\u00e9es ici. Pour les adh\u00e9sions ados\/adultes, 3 formules vous sont propos\u00e9es.\" \/>\n<meta name=\"robots\" content=\"index, follow, max-snippet:-1, max-image-preview:large, max-video-preview:-1\" \/>\n<link rel=\"canonical\" href=\"https:\/\/savatevercorsaltitude.com\/index.php\/adhesions\/\" \/>\n<meta property=\"og:locale\" content=\"fr_FR\" \/>\n<meta property=\"og:type\" content=\"article\" \/>\n<meta property=\"og:title\" content=\"Adh\u00e9sions - Savate Vercors Altitude\" \/>\n<meta property=\"og:description\" content=\"Toutes les modalit\u00e9s d&#039;inscription vous sont pr\u00e9sent\u00e9es ici. Pour les adh\u00e9sions ados\/adultes, 3 formules vous sont propos\u00e9es.\" \/>\n<meta property=\"og:url\" content=\"https:\/\/savatevercorsaltitude.com\/index.php\/adhesions\/\" \/>\n<meta property=\"og:site_name\" content=\"Savate Vercors Altitude\" \/>\n<meta property=\"article:publisher\" content=\"https:\/\/www.facebook.com\/savatevercorsaltitude\" \/>\n<meta property=\"article:modified_time\" content=\"2025-07-27T13:38:13+00:00\" \/>\n<meta property=\"og:image\" content=\"https:\/\/savatevercorsaltitude.com\/wp-content\/uploads\/2022\/07\/entrainement.jpg\" \/>\n\t<meta property=\"og:image:width\" content=\"670\" \/>\n\t<meta property=\"og:image:height\" content=\"460\" \/>\n\t<meta property=\"og:image:type\" content=\"image\/jpeg\" \/>\n<meta name=\"twitter:card\" content=\"summary_large_image\" \/>\n<meta name=\"twitter:label1\" content=\"Dur\u00e9e de lecture estim\u00e9e\" \/>\n\t<meta name=\"twitter:data1\" content=\"1 minute\" \/>\n<script type=\"application\/ld+json\" class=\"yoast-schema-graph\">{\"@context\":\"https:\/\/schema.org\",\"@graph\":[{\"@type\":\"WebPage\",\"@id\":\"https:\/\/savatevercorsaltitude.com\/index.php\/adhesions\/\",\"url\":\"https:\/\/savatevercorsaltitude.com\/index.php\/adhesions\/\",\"name\":\"Adh\u00e9sions - Savate Vercors Altitude\",\"isPartOf\":{\"@id\":\"https:\/\/savatevercorsaltitude.com\/#website\"},\"datePublished\":\"2022-08-01T16:05:00+00:00\",\"dateModified\":\"2025-07-27T13:38:13+00:00\",\"description\":\"Toutes les modalit\u00e9s d'inscription vous sont pr\u00e9sent\u00e9es ici. Pour les adh\u00e9sions ados\/adultes, 3 formules vous sont propos\u00e9es.\",\"breadcrumb\":{\"@id\":\"https:\/\/savatevercorsaltitude.com\/index.php\/adhesions\/#breadcrumb\"},\"inLanguage\":\"fr-FR\",\"potentialAction\":[{\"@type\":\"ReadAction\",\"target\":[\"https:\/\/savatevercorsaltitude.com\/index.php\/adhesions\/\"]}]},{\"@type\":\"BreadcrumbList\",\"@id\":\"https:\/\/savatevercorsaltitude.com\/index.php\/adhesions\/#breadcrumb\",\"itemListElement\":[{\"@type\":\"ListItem\",\"position\":1,\"name\":\"Accueil\",\"item\":\"https:\/\/savatevercorsaltitude.com\/\"},{\"@type\":\"ListItem\",\"position\":2,\"name\":\"Adh\u00e9sions\"}]},{\"@type\":\"WebSite\",\"@id\":\"https:\/\/savatevercorsaltitude.com\/#website\",\"url\":\"https:\/\/savatevercorsaltitude.com\/\",\"name\":\"Savate Vercors Altitude\",\"description\":\"Savate Vercors Altitude\",\"publisher\":{\"@id\":\"https:\/\/savatevercorsaltitude.com\/#organization\"},\"potentialAction\":[{\"@type\":\"SearchAction\",\"target\":{\"@type\":\"EntryPoint\",\"urlTemplate\":\"https:\/\/savatevercorsaltitude.com\/?s={search_term_string}\"},\"query-input\":\"required name=search_term_string\"}],\"inLanguage\":\"fr-FR\"},{\"@type\":\"Organization\",\"@id\":\"https:\/\/savatevercorsaltitude.com\/#organization\",\"name\":\"Savate Vercors Altitude\",\"url\":\"https:\/\/savatevercorsaltitude.com\/\",\"logo\":{\"@type\":\"ImageObject\",\"inLanguage\":\"fr-FR\",\"@id\":\"https:\/\/savatevercorsaltitude.com\/#\/schema\/logo\/image\/\",\"url\":\"https:\/\/savatevercorsaltitude.com\/wp-content\/uploads\/2022\/07\/cropped-logo-2.jpg\",\"contentUrl\":\"https:\/\/savatevercorsaltitude.com\/wp-content\/uploads\/2022\/07\/cropped-logo-2.jpg\",\"width\":1181,\"height\":787,\"caption\":\"Savate Vercors Altitude\"},\"image\":{\"@id\":\"https:\/\/savatevercorsaltitude.com\/#\/schema\/logo\/image\/\"},\"sameAs\":[\"https:\/\/www.facebook.com\/savatevercorsaltitude\"]}]}<\/script>\n<!-- \/ Yoast SEO plugin. -->","yoast_head_json":{"title":"Adh\u00e9sions - Savate Vercors Altitude","description":"Toutes les modalit\u00e9s d'inscription vous sont pr\u00e9sent\u00e9es ici. Pour les adh\u00e9sions ados\/adultes, 3 formules vous sont propos\u00e9es.","robots":{"index":"index","follow":"follow","max-snippet":"max-snippet:-1","max-image-preview":"max-image-preview:large","max-video-preview":"max-video-preview:-1"},"canonical":"https:\/\/savatevercorsaltitude.com\/index.php\/adhesions\/","og_locale":"fr_FR","og_type":"article","og_title":"Adh\u00e9sions - Savate Vercors Altitude","og_description":"Toutes les modalit\u00e9s d'inscription vous sont pr\u00e9sent\u00e9es ici. Pour les adh\u00e9sions ados\/adultes, 3 formules vous sont propos\u00e9es.","og_url":"https:\/\/savatevercorsaltitude.com\/index.php\/adhesions\/","og_site_name":"Savate Vercors Altitude","article_publisher":"https:\/\/www.facebook.com\/savatevercorsaltitude","article_modified_time":"2025-07-27T13:38:13+00:00","og_image":[{"width":670,"height":460,"url":"https:\/\/savatevercorsaltitude.com\/wp-content\/uploads\/2022\/07\/entrainement.jpg","type":"image\/jpeg"}],"twitter_card":"summary_large_image","twitter_misc":{"Dur\u00e9e de lecture estim\u00e9e":"1 minute"},"schema":{"@context":"https:\/\/schema.org","@graph":[{"@type":"WebPage","@id":"https:\/\/savatevercorsaltitude.com\/index.php\/adhesions\/","url":"https:\/\/savatevercorsaltitude.com\/index.php\/adhesions\/","name":"Adh\u00e9sions - Savate Vercors Altitude","isPartOf":{"@id":"https:\/\/savatevercorsaltitude.com\/#website"},"datePublished":"2022-08-01T16:05:00+00:00","dateModified":"2025-07-27T13:38:13+00:00","description":"Toutes les modalit\u00e9s d'inscription vous sont pr\u00e9sent\u00e9es ici. Pour les adh\u00e9sions ados\/adultes, 3 formules vous sont propos\u00e9es.","breadcrumb":{"@id":"https:\/\/savatevercorsaltitude.com\/index.php\/adhesions\/#breadcrumb"},"inLanguage":"fr-FR","potentialAction":[{"@type":"ReadAction","target":["https:\/\/savatevercorsaltitude.com\/index.php\/adhesions\/"]}]},{"@type":"BreadcrumbList","@id":"https:\/\/savatevercorsaltitude.com\/index.php\/adhesions\/#breadcrumb","itemListElement":[{"@type":"ListItem","position":1,"name":"Accueil","item":"https:\/\/savatevercorsaltitude.com\/"},{"@type":"ListItem","position":2,"name":"Adh\u00e9sions"}]},{"@type":"WebSite","@id":"https:\/\/savatevercorsaltitude.com\/#website","url":"https:\/\/savatevercorsaltitude.com\/","name":"Savate Vercors Altitude","description":"Savate Vercors Altitude","publisher":{"@id":"https:\/\/savatevercorsaltitude.com\/#organization"},"potentialAction":[{"@type":"SearchAction","target":{"@type":"EntryPoint","urlTemplate":"https:\/\/savatevercorsaltitude.com\/?s={search_term_string}"},"query-input":"required name=search_term_string"}],"inLanguage":"fr-FR"},{"@type":"Organization","@id":"https:\/\/savatevercorsaltitude.com\/#organization","name":"Savate Vercors Altitude","url":"https:\/\/savatevercorsaltitude.com\/","logo":{"@type":"ImageObject","inLanguage":"fr-FR","@id":"https:\/\/savatevercorsaltitude.com\/#\/schema\/logo\/image\/","url":"https:\/\/savatevercorsaltitude.com\/wp-content\/uploads\/2022\/07\/cropped-logo-2.jpg","contentUrl":"https:\/\/savatevercorsaltitude.com\/wp-content\/uploads\/2022\/07\/cropped-logo-2.jpg","width":1181,"height":787,"caption":"Savate Vercors Altitude"},"image":{"@id":"https:\/\/savatevercorsaltitude.com\/#\/schema\/logo\/image\/"},"sameAs":["https:\/\/www.facebook.com\/savatevercorsaltitude"]}]}},"_links":{"self":[{"href":"https:\/\/savatevercorsaltitude.com\/index.php\/wp-json\/wp\/v2\/pages\/323","targetHints":{"allow":["GET"]}}],"collection":[{"href":"https:\/\/savatevercorsaltitude.com\/index.php\/wp-json\/wp\/v2\/pages"}],"about":[{"href":"https:\/\/savatevercorsaltitude.com\/index.php\/wp-json\/wp\/v2\/types\/page"}],"author":[{"embeddable":true,"href":"https:\/\/savatevercorsaltitude.com\/index.php\/wp-json\/wp\/v2\/users\/1"}],"replies":[{"embeddable":true,"href":"https:\/\/savatevercorsaltitude.com\/index.php\/wp-json\/wp\/v2\/comments?post=323"}],"version-history":[{"count":20,"href":"https:\/\/savatevercorsaltitude.com\/index.php\/wp-json\/wp\/v2\/pages\/323\/revisions"}],"predecessor-version":[{"id":692,"href":"https:\/\/savatevercorsaltitude.com\/index.php\/wp-json\/wp\/v2\/pages\/323\/revisions\/692"}],"wp:featuredmedia":[{"embeddable":true,"href":"https:\/\/savatevercorsaltitude.com\/index.php\/wp-json\/wp\/v2\/media\/175"}],"wp:attachment":[{"href":"https:\/\/savatevercorsaltitude.com\/index.php\/wp-json\/wp\/v2\/media?parent=323"}],"curies":[{"name":"wp","href":"https:\/\/api.w.org\/{rel}","templated":true}]}}