{"id":326,"date":"2022-08-01T18:05:00","date_gmt":"2022-08-01T16:05:00","guid":{"rendered":"http:\/\/savatevercorsaltitude.com\/?page_id=326"},"modified":"2025-07-27T16:20:45","modified_gmt":"2025-07-27T14:20:45","slug":"encadrants","status":"publish","type":"page","link":"https:\/\/savatevercorsaltitude.com\/index.php\/adhesions\/encadrants\/","title":{"rendered":"Encadrants"},"content":{"rendered":"<div class=\"wp-block-image is-style-rounded\">\n<figure class=\"alignleft size-large is-resized\"><img loading=\"lazy\" decoding=\"async\" width=\"1296\" height=\"1296\" src=\"https:\/\/savatevercorsaltitude.com\/wp-content\/uploads\/2022\/08\/herve-edited.jpg\" alt=\"\" class=\"wp-image-483\" style=\"width:324px;height:324px\" title=\"   Herv\u00e9 Beaugeon \" srcset=\"https:\/\/savatevercorsaltitude.com\/wp-content\/uploads\/2022\/08\/herve-edited.jpg 1296w, https:\/\/savatevercorsaltitude.com\/wp-content\/uploads\/2022\/08\/herve-edited-300x300.jpg 300w, https:\/\/savatevercorsaltitude.com\/wp-content\/uploads\/2022\/08\/herve-edited-1024x1024.jpg 1024w, https:\/\/savatevercorsaltitude.com\/wp-content\/uploads\/2022\/08\/herve-edited-150x150.jpg 150w, https:\/\/savatevercorsaltitude.com\/wp-content\/uploads\/2022\/08\/herve-edited-768x768.jpg 768w\" sizes=\"auto, (max-width: 1296px) 100vw, 1296px\" \/><\/figure>\n<\/div>\n\n\n<h4 class=\"wp-block-heading\">Herv\u00e9 Beaugeon<\/h4>\n\n\n\n<p>BEES 1<br>Vainqueur du Tournoi de M\u00e9diterran\u00e9e<br>Triple Vainqueur du Tournoi de France<br>Finaliste championnat de France Junior<br>Champion Honneur du Sud Est 1998<br>Champion de France UNSS cadets 1994<br>Champion du Sud Est Cadets 1993<\/p>\n\n\n\n<h4 class=\"wp-block-heading\"><\/h4>\n\n\n\n<p><\/p>\n\n\n\n<div style=\"height:50px\" aria-hidden=\"true\" class=\"wp-block-spacer\"><\/div>\n\n\n\n<hr class=\"wp-block-separator has-alpha-channel-opacity\"\/>\n\n\n<div class=\"wp-block-image is-style-rounded\">\n<figure class=\"alignright size-full is-resized\"><img loading=\"lazy\" decoding=\"async\" width=\"1152\" height=\"1152\" src=\"https:\/\/savatevercorsaltitude.com\/wp-content\/uploads\/2022\/08\/nadine-1536x1152-1-edited.jpg\" alt=\"\" class=\"wp-image-482\" style=\"width:360px;height:360px\" title=\"Nadine Guillaume\" srcset=\"https:\/\/savatevercorsaltitude.com\/wp-content\/uploads\/2022\/08\/nadine-1536x1152-1-edited.jpg 1152w, https:\/\/savatevercorsaltitude.com\/wp-content\/uploads\/2022\/08\/nadine-1536x1152-1-edited-300x300.jpg 300w, https:\/\/savatevercorsaltitude.com\/wp-content\/uploads\/2022\/08\/nadine-1536x1152-1-edited-1024x1024.jpg 1024w, https:\/\/savatevercorsaltitude.com\/wp-content\/uploads\/2022\/08\/nadine-1536x1152-1-edited-150x150.jpg 150w, https:\/\/savatevercorsaltitude.com\/wp-content\/uploads\/2022\/08\/nadine-1536x1152-1-edited-768x768.jpg 768w\" sizes=\"auto, (max-width: 1152px) 100vw, 1152px\" \/><\/figure>\n<\/div>\n\n\n<h4 class=\"wp-block-heading\">Nadine Guillaume<\/h4>\n\n\n\n<p>Professeur de Gymnastique et Enseignante de Disciplines Sportives et d\u2019Activit\u00e9s de loisirs.<br>Nadine c&rsquo;est un sourire toute l&rsquo;ann\u00e9e, une \u00e9nergie communicative, un vrai soleil.<\/p>\n\n\n\n<h4 class=\"wp-block-heading has-text-align-left\"><\/h4>\n\n\n\n<div style=\"height:50px\" aria-hidden=\"true\" class=\"wp-block-spacer\"><\/div>\n\n\n\n<hr class=\"wp-block-separator has-alpha-channel-opacity\"\/>\n\n\n<div class=\"wp-block-image is-style-rounded\">\n<figure class=\"alignleft size-large is-resized\"><img loading=\"lazy\" decoding=\"async\" width=\"1024\" height=\"891\" src=\"https:\/\/savatevercorsaltitude.com\/wp-content\/uploads\/2025\/07\/IMG-20241208-WA0026-3-1024x891.jpg\" alt=\"\" class=\"wp-image-698\" style=\"width:324px;height:324px\" title=\"   Herv\u00e9 Beaugeon \" srcset=\"https:\/\/savatevercorsaltitude.com\/wp-content\/uploads\/2025\/07\/IMG-20241208-WA0026-3-1024x891.jpg 1024w, https:\/\/savatevercorsaltitude.com\/wp-content\/uploads\/2025\/07\/IMG-20241208-WA0026-3-300x261.jpg 300w, https:\/\/savatevercorsaltitude.com\/wp-content\/uploads\/2025\/07\/IMG-20241208-WA0026-3-768x668.jpg 768w, https:\/\/savatevercorsaltitude.com\/wp-content\/uploads\/2025\/07\/IMG-20241208-WA0026-3.jpg 1199w\" sizes=\"auto, (max-width: 1024px) 100vw, 1024px\" \/><\/figure>\n<\/div>\n\n\n<p class=\"has-text-align-left\"><\/p>\n\n\n\n<h4 class=\"wp-block-heading\">J\u00e9r\u00e9mie Salomon<\/h4>\n\n\n\n<p>Formation UC1-2-3 en 2017<br>Moniteur FFSBF&amp;DA<\/p>\n\n\n\n<p>Du calme et des sourires toute l&rsquo;ann\u00e9e avec J\u00e9r\u00e9mie!<\/p>\n\n\n\n<div style=\"height:50px\" aria-hidden=\"true\" class=\"wp-block-spacer\"><\/div>\n\n\n<div class=\"wp-block-image is-style-rounded\">\n<figure class=\"alignright size-full is-resized\"><img loading=\"lazy\" decoding=\"async\" width=\"1200\" height=\"1600\" src=\"https:\/\/savatevercorsaltitude.com\/wp-content\/uploads\/2025\/07\/IMG-20241208-WA0102.jpg\" alt=\"\" class=\"wp-image-695\" style=\"width:360px;height:360px\" title=\"Nadine Guillaume\" srcset=\"https:\/\/savatevercorsaltitude.com\/wp-content\/uploads\/2025\/07\/IMG-20241208-WA0102.jpg 1200w, https:\/\/savatevercorsaltitude.com\/wp-content\/uploads\/2025\/07\/IMG-20241208-WA0102-225x300.jpg 225w, https:\/\/savatevercorsaltitude.com\/wp-content\/uploads\/2025\/07\/IMG-20241208-WA0102-768x1024.jpg 768w, https:\/\/savatevercorsaltitude.com\/wp-content\/uploads\/2025\/07\/IMG-20241208-WA0102-1152x1536.jpg 1152w\" sizes=\"auto, (max-width: 1200px) 100vw, 1200px\" \/><\/figure>\n<\/div>\n\n\n<hr class=\"wp-block-separator has-alpha-channel-opacity\"\/>\n\n\n\n<h4 class=\"wp-block-heading\">L\u00e9o Policand<\/h4>\n\n\n\n<p>Le dernier arriv\u00e9 de la team SVA<\/p>\n\n\n\n<p>En cours de formation, il a d\u00e9j\u00e0 valid\u00e9 son UC1 et UC2<\/p>\n\n\n\n<p>Il s&rsquo;investit avec envie et d\u00e9termination pendant les entrainements!<\/p>\n","protected":false},"excerpt":{"rendered":"<p>Herv\u00e9 Beaugeon BEES 1Vainqueur du Tournoi de M\u00e9diterran\u00e9eTriple Vainqueur du Tournoi de FranceFinaliste championnat de France JuniorChampion Honneur du Sud Est 1998Champion de France UNSS cadets 1994Champion du Sud Est Cadets 1993 Nadine Guillaume Professeur de Gymnastique et Enseignante de Disciplines Sportives et d\u2019Activit\u00e9s de loisirs.Nadine c&rsquo;est un sourire toute [&hellip;]<\/p>\n","protected":false},"author":1,"featured_media":175,"parent":323,"menu_order":0,"comment_status":"closed","ping_status":"closed","template":"","meta":{"footnotes":""},"class_list":["post-326","page","type-page","status-publish","has-post-thumbnail","hentry"],"yoast_head":"<!-- This site is optimized with the Yoast SEO plugin v21.0 - https:\/\/yoast.com\/wordpress\/plugins\/seo\/ -->\n<title>Encadrants - Savate Vercors Altitude<\/title>\n<meta name=\"description\" content=\"Sans les coachs, on fait rien! Chez nous, il y en a cinq, chacun avec leurs sp\u00e9cialit\u00e9s, ils se compl\u00e8tent \u00e0 merveille.\" \/>\n<meta name=\"robots\" content=\"index, follow, max-snippet:-1, max-image-preview:large, max-video-preview:-1\" \/>\n<link rel=\"canonical\" href=\"https:\/\/savatevercorsaltitude.com\/index.php\/adhesions\/encadrants\/\" \/>\n<meta property=\"og:locale\" content=\"fr_FR\" \/>\n<meta property=\"og:type\" content=\"article\" \/>\n<meta property=\"og:title\" content=\"Encadrants - Savate Vercors Altitude\" \/>\n<meta property=\"og:description\" content=\"Sans les coachs, on fait rien! Chez nous, il y en a cinq, chacun avec leurs sp\u00e9cialit\u00e9s, ils se compl\u00e8tent \u00e0 merveille.\" \/>\n<meta property=\"og:url\" content=\"https:\/\/savatevercorsaltitude.com\/index.php\/adhesions\/encadrants\/\" \/>\n<meta property=\"og:site_name\" content=\"Savate Vercors Altitude\" \/>\n<meta property=\"article:publisher\" content=\"https:\/\/www.facebook.com\/savatevercorsaltitude\" \/>\n<meta property=\"article:modified_time\" content=\"2025-07-27T14:20:45+00:00\" \/>\n<meta property=\"og:image\" content=\"https:\/\/savatevercorsaltitude.com\/wp-content\/uploads\/2022\/07\/entrainement.jpg\" \/>\n\t<meta property=\"og:image:width\" content=\"670\" \/>\n\t<meta property=\"og:image:height\" content=\"460\" \/>\n\t<meta property=\"og:image:type\" content=\"image\/jpeg\" \/>\n<meta name=\"twitter:card\" content=\"summary_large_image\" \/>\n<meta name=\"twitter:label1\" content=\"Dur\u00e9e de lecture estim\u00e9e\" \/>\n\t<meta name=\"twitter:data1\" content=\"2 minutes\" \/>\n<script type=\"application\/ld+json\" class=\"yoast-schema-graph\">{\"@context\":\"https:\/\/schema.org\",\"@graph\":[{\"@type\":\"WebPage\",\"@id\":\"https:\/\/savatevercorsaltitude.com\/index.php\/adhesions\/encadrants\/\",\"url\":\"https:\/\/savatevercorsaltitude.com\/index.php\/adhesions\/encadrants\/\",\"name\":\"Encadrants - Savate Vercors Altitude\",\"isPartOf\":{\"@id\":\"https:\/\/savatevercorsaltitude.com\/#website\"},\"datePublished\":\"2022-08-01T16:05:00+00:00\",\"dateModified\":\"2025-07-27T14:20:45+00:00\",\"description\":\"Sans les coachs, on fait rien! Chez nous, il y en a cinq, chacun avec leurs sp\u00e9cialit\u00e9s, ils se compl\u00e8tent \u00e0 merveille.\",\"breadcrumb\":{\"@id\":\"https:\/\/savatevercorsaltitude.com\/index.php\/adhesions\/encadrants\/#breadcrumb\"},\"inLanguage\":\"fr-FR\",\"potentialAction\":[{\"@type\":\"ReadAction\",\"target\":[\"https:\/\/savatevercorsaltitude.com\/index.php\/adhesions\/encadrants\/\"]}]},{\"@type\":\"BreadcrumbList\",\"@id\":\"https:\/\/savatevercorsaltitude.com\/index.php\/adhesions\/encadrants\/#breadcrumb\",\"itemListElement\":[{\"@type\":\"ListItem\",\"position\":1,\"name\":\"Accueil\",\"item\":\"https:\/\/savatevercorsaltitude.com\/\"},{\"@type\":\"ListItem\",\"position\":2,\"name\":\"Adh\u00e9sions\",\"item\":\"https:\/\/savatevercorsaltitude.com\/index.php\/adhesions\/\"},{\"@type\":\"ListItem\",\"position\":3,\"name\":\"Encadrants\"}]},{\"@type\":\"WebSite\",\"@id\":\"https:\/\/savatevercorsaltitude.com\/#website\",\"url\":\"https:\/\/savatevercorsaltitude.com\/\",\"name\":\"Savate Vercors Altitude\",\"description\":\"Savate Vercors Altitude\",\"publisher\":{\"@id\":\"https:\/\/savatevercorsaltitude.com\/#organization\"},\"potentialAction\":[{\"@type\":\"SearchAction\",\"target\":{\"@type\":\"EntryPoint\",\"urlTemplate\":\"https:\/\/savatevercorsaltitude.com\/?s={search_term_string}\"},\"query-input\":\"required name=search_term_string\"}],\"inLanguage\":\"fr-FR\"},{\"@type\":\"Organization\",\"@id\":\"https:\/\/savatevercorsaltitude.com\/#organization\",\"name\":\"Savate Vercors Altitude\",\"url\":\"https:\/\/savatevercorsaltitude.com\/\",\"logo\":{\"@type\":\"ImageObject\",\"inLanguage\":\"fr-FR\",\"@id\":\"https:\/\/savatevercorsaltitude.com\/#\/schema\/logo\/image\/\",\"url\":\"https:\/\/savatevercorsaltitude.com\/wp-content\/uploads\/2022\/07\/cropped-logo-2.jpg\",\"contentUrl\":\"https:\/\/savatevercorsaltitude.com\/wp-content\/uploads\/2022\/07\/cropped-logo-2.jpg\",\"width\":1181,\"height\":787,\"caption\":\"Savate Vercors Altitude\"},\"image\":{\"@id\":\"https:\/\/savatevercorsaltitude.com\/#\/schema\/logo\/image\/\"},\"sameAs\":[\"https:\/\/www.facebook.com\/savatevercorsaltitude\"]}]}<\/script>\n<!-- \/ Yoast SEO plugin. -->","yoast_head_json":{"title":"Encadrants - Savate Vercors Altitude","description":"Sans les coachs, on fait rien! Chez nous, il y en a cinq, chacun avec leurs sp\u00e9cialit\u00e9s, ils se compl\u00e8tent \u00e0 merveille.","robots":{"index":"index","follow":"follow","max-snippet":"max-snippet:-1","max-image-preview":"max-image-preview:large","max-video-preview":"max-video-preview:-1"},"canonical":"https:\/\/savatevercorsaltitude.com\/index.php\/adhesions\/encadrants\/","og_locale":"fr_FR","og_type":"article","og_title":"Encadrants - Savate Vercors Altitude","og_description":"Sans les coachs, on fait rien! Chez nous, il y en a cinq, chacun avec leurs sp\u00e9cialit\u00e9s, ils se compl\u00e8tent \u00e0 merveille.","og_url":"https:\/\/savatevercorsaltitude.com\/index.php\/adhesions\/encadrants\/","og_site_name":"Savate Vercors Altitude","article_publisher":"https:\/\/www.facebook.com\/savatevercorsaltitude","article_modified_time":"2025-07-27T14:20:45+00:00","og_image":[{"width":670,"height":460,"url":"https:\/\/savatevercorsaltitude.com\/wp-content\/uploads\/2022\/07\/entrainement.jpg","type":"image\/jpeg"}],"twitter_card":"summary_large_image","twitter_misc":{"Dur\u00e9e de lecture estim\u00e9e":"2 minutes"},"schema":{"@context":"https:\/\/schema.org","@graph":[{"@type":"WebPage","@id":"https:\/\/savatevercorsaltitude.com\/index.php\/adhesions\/encadrants\/","url":"https:\/\/savatevercorsaltitude.com\/index.php\/adhesions\/encadrants\/","name":"Encadrants - Savate Vercors Altitude","isPartOf":{"@id":"https:\/\/savatevercorsaltitude.com\/#website"},"datePublished":"2022-08-01T16:05:00+00:00","dateModified":"2025-07-27T14:20:45+00:00","description":"Sans les coachs, on fait rien! Chez nous, il y en a cinq, chacun avec leurs sp\u00e9cialit\u00e9s, ils se compl\u00e8tent \u00e0 merveille.","breadcrumb":{"@id":"https:\/\/savatevercorsaltitude.com\/index.php\/adhesions\/encadrants\/#breadcrumb"},"inLanguage":"fr-FR","potentialAction":[{"@type":"ReadAction","target":["https:\/\/savatevercorsaltitude.com\/index.php\/adhesions\/encadrants\/"]}]},{"@type":"BreadcrumbList","@id":"https:\/\/savatevercorsaltitude.com\/index.php\/adhesions\/encadrants\/#breadcrumb","itemListElement":[{"@type":"ListItem","position":1,"name":"Accueil","item":"https:\/\/savatevercorsaltitude.com\/"},{"@type":"ListItem","position":2,"name":"Adh\u00e9sions","item":"https:\/\/savatevercorsaltitude.com\/index.php\/adhesions\/"},{"@type":"ListItem","position":3,"name":"Encadrants"}]},{"@type":"WebSite","@id":"https:\/\/savatevercorsaltitude.com\/#website","url":"https:\/\/savatevercorsaltitude.com\/","name":"Savate Vercors Altitude","description":"Savate Vercors Altitude","publisher":{"@id":"https:\/\/savatevercorsaltitude.com\/#organization"},"potentialAction":[{"@type":"SearchAction","target":{"@type":"EntryPoint","urlTemplate":"https:\/\/savatevercorsaltitude.com\/?s={search_term_string}"},"query-input":"required name=search_term_string"}],"inLanguage":"fr-FR"},{"@type":"Organization","@id":"https:\/\/savatevercorsaltitude.com\/#organization","name":"Savate Vercors Altitude","url":"https:\/\/savatevercorsaltitude.com\/","logo":{"@type":"ImageObject","inLanguage":"fr-FR","@id":"https:\/\/savatevercorsaltitude.com\/#\/schema\/logo\/image\/","url":"https:\/\/savatevercorsaltitude.com\/wp-content\/uploads\/2022\/07\/cropped-logo-2.jpg","contentUrl":"https:\/\/savatevercorsaltitude.com\/wp-content\/uploads\/2022\/07\/cropped-logo-2.jpg","width":1181,"height":787,"caption":"Savate Vercors Altitude"},"image":{"@id":"https:\/\/savatevercorsaltitude.com\/#\/schema\/logo\/image\/"},"sameAs":["https:\/\/www.facebook.com\/savatevercorsaltitude"]}]}},"_links":{"self":[{"href":"https:\/\/savatevercorsaltitude.com\/index.php\/wp-json\/wp\/v2\/pages\/326","targetHints":{"allow":["GET"]}}],"collection":[{"href":"https:\/\/savatevercorsaltitude.com\/index.php\/wp-json\/wp\/v2\/pages"}],"about":[{"href":"https:\/\/savatevercorsaltitude.com\/index.php\/wp-json\/wp\/v2\/types\/page"}],"author":[{"embeddable":true,"href":"https:\/\/savatevercorsaltitude.com\/index.php\/wp-json\/wp\/v2\/users\/1"}],"replies":[{"embeddable":true,"href":"https:\/\/savatevercorsaltitude.com\/index.php\/wp-json\/wp\/v2\/comments?post=326"}],"version-history":[{"count":11,"href":"https:\/\/savatevercorsaltitude.com\/index.php\/wp-json\/wp\/v2\/pages\/326\/revisions"}],"predecessor-version":[{"id":699,"href":"https:\/\/savatevercorsaltitude.com\/index.php\/wp-json\/wp\/v2\/pages\/326\/revisions\/699"}],"up":[{"embeddable":true,"href":"https:\/\/savatevercorsaltitude.com\/index.php\/wp-json\/wp\/v2\/pages\/323"}],"wp:featuredmedia":[{"embeddable":true,"href":"https:\/\/savatevercorsaltitude.com\/index.php\/wp-json\/wp\/v2\/media\/175"}],"wp:attachment":[{"href":"https:\/\/savatevercorsaltitude.com\/index.php\/wp-json\/wp\/v2\/media?parent=326"}],"curies":[{"name":"wp","href":"https:\/\/api.w.org\/{rel}","templated":true}]}}