{"id":459,"date":"2022-08-12T09:25:25","date_gmt":"2022-08-12T07:25:25","guid":{"rendered":"http:\/\/savatevercorsaltitude.com\/?page_id=459"},"modified":"2025-09-01T07:34:07","modified_gmt":"2025-09-01T05:34:07","slug":"inscription","status":"publish","type":"page","link":"https:\/\/savatevercorsaltitude.com\/index.php\/inscription\/","title":{"rendered":"Inscriptions"},"content":{"rendered":"\n<p>Cette ann\u00e9e, nous mettons en place une inscription en ligne avec Hello Asso : https:\/\/www.helloasso.com\/associations\/savate-vercors-altitude\/adhesions\/adhesion-2025-26<\/p>\n\n\n<div class=\"wp-block-image\">\n<figure class=\"aligncenter size-full is-resized\"><img loading=\"lazy\" decoding=\"async\" width=\"600\" height=\"600\" src=\"https:\/\/savatevercorsaltitude.com\/wp-content\/uploads\/2025\/09\/qrcode.png\" alt=\"\" class=\"wp-image-713\" style=\"width:228px;height:auto\" srcset=\"https:\/\/savatevercorsaltitude.com\/wp-content\/uploads\/2025\/09\/qrcode.png 600w, https:\/\/savatevercorsaltitude.com\/wp-content\/uploads\/2025\/09\/qrcode-300x300.png 300w, https:\/\/savatevercorsaltitude.com\/wp-content\/uploads\/2025\/09\/qrcode-150x150.png 150w\" sizes=\"auto, (max-width: 600px) 100vw, 600px\" \/><\/figure>\n<\/div>\n\n\n<p>Pour ceux qui veulent payer en esp\u00e8ce ou garder la version papier voici la fiche d&rsquo;inscription, \u00e0 rendre compl\u00e9t\u00e9e accompagn\u00e9e du certificat m\u00e9dical pour les plus de cinquante ans, les comp\u00e9titeurs et les personnes ayant r\u00e9pondu non \u00e0 une rubrique du questionnaire sant\u00e9 (cerfa). Pour les autres, l&rsquo;attestation sur l&rsquo;honneur est suffisante.<\/p>\n\n\n\n<div class=\"wp-block-group has-background-color-background-color has-background\"><div class=\"wp-block-group__inner-container is-layout-flow wp-block-group-is-layout-flow\">\n<div class=\"wp-block-file\"><a id=\"wp-block-file--media-ccdea18e-26e8-407b-8c57-d3caeaad261a\" href=\"https:\/\/savatevercorsaltitude.com\/wp-content\/uploads\/2025\/07\/fiche_inscription_2025-2026.pdf\">fiche_inscription_2025-2026<\/a><a href=\"https:\/\/savatevercorsaltitude.com\/wp-content\/uploads\/2025\/07\/fiche_inscription_2025-2026.pdf\" class=\"wp-block-file__button wp-element-button\" download aria-describedby=\"wp-block-file--media-ccdea18e-26e8-407b-8c57-d3caeaad261a\">T\u00e9l\u00e9charger<\/a><\/div>\n\n\n\n<div class=\"wp-block-file\"><a id=\"wp-block-file--media-73d1f4fd-0586-45c1-81e5-af9f62ece649\" href=\"https:\/\/savatevercorsaltitude.com\/wp-content\/uploads\/2022\/08\/cerfa_15699-01.pdf\">cerfa_15699-01<\/a><a href=\"https:\/\/savatevercorsaltitude.com\/wp-content\/uploads\/2022\/08\/cerfa_15699-01.pdf\" class=\"wp-block-file__button wp-element-button\" download aria-describedby=\"wp-block-file--media-73d1f4fd-0586-45c1-81e5-af9f62ece649\">T\u00e9l\u00e9charger<\/a><\/div>\n\n\n\n<p><\/p>\n<\/div><\/div>\n","protected":false},"excerpt":{"rendered":"<p>Cette ann\u00e9e, nous mettons en place une inscription en ligne avec Hello Asso : https:\/\/www.helloasso.com\/associations\/savate-vercors-altitude\/adhesions\/adhesion-2025-26 Pour ceux qui veulent payer en esp\u00e8ce ou garder la version papier voici la fiche d&rsquo;inscription, \u00e0 rendre compl\u00e9t\u00e9e accompagn\u00e9e du certificat m\u00e9dical pour les plus de cinquante ans, les comp\u00e9titeurs et les personnes ayant [&hellip;]<\/p>\n","protected":false},"author":1,"featured_media":175,"parent":0,"menu_order":0,"comment_status":"closed","ping_status":"closed","template":"","meta":{"footnotes":""},"class_list":["post-459","page","type-page","status-publish","has-post-thumbnail","hentry"],"yoast_head":"<!-- This site is optimized with the Yoast SEO plugin v21.0 - https:\/\/yoast.com\/wordpress\/plugins\/seo\/ -->\n<title>Inscriptions - Savate Vercors Altitude<\/title>\n<meta name=\"description\" content=\"Voici les documents \u00e0 t\u00e9l\u00e9charger pour les inscriptions. A rendre compl\u00e9t\u00e9s avec un certificat m\u00e9dical ( 1ere inscription) ou attestation.\" \/>\n<meta name=\"robots\" content=\"index, follow, max-snippet:-1, max-image-preview:large, max-video-preview:-1\" \/>\n<link rel=\"canonical\" href=\"https:\/\/savatevercorsaltitude.com\/index.php\/inscription\/\" \/>\n<meta property=\"og:locale\" content=\"fr_FR\" \/>\n<meta property=\"og:type\" content=\"article\" \/>\n<meta property=\"og:title\" content=\"Inscriptions - Savate Vercors Altitude\" \/>\n<meta property=\"og:description\" content=\"Voici les documents \u00e0 t\u00e9l\u00e9charger pour les inscriptions. A rendre compl\u00e9t\u00e9s avec un certificat m\u00e9dical ( 1ere inscription) ou attestation.\" \/>\n<meta property=\"og:url\" content=\"https:\/\/savatevercorsaltitude.com\/index.php\/inscription\/\" \/>\n<meta property=\"og:site_name\" content=\"Savate Vercors Altitude\" \/>\n<meta property=\"article:publisher\" content=\"https:\/\/www.facebook.com\/savatevercorsaltitude\" \/>\n<meta property=\"article:modified_time\" content=\"2025-09-01T05:34:07+00:00\" \/>\n<meta property=\"og:image\" content=\"https:\/\/savatevercorsaltitude.com\/wp-content\/uploads\/2022\/07\/entrainement.jpg\" \/>\n\t<meta property=\"og:image:width\" content=\"670\" \/>\n\t<meta property=\"og:image:height\" content=\"460\" \/>\n\t<meta property=\"og:image:type\" content=\"image\/jpeg\" \/>\n<meta name=\"twitter:card\" content=\"summary_large_image\" \/>\n<meta name=\"twitter:label1\" content=\"Dur\u00e9e de lecture estim\u00e9e\" \/>\n\t<meta name=\"twitter:data1\" content=\"1 minute\" \/>\n<script type=\"application\/ld+json\" class=\"yoast-schema-graph\">{\"@context\":\"https:\/\/schema.org\",\"@graph\":[{\"@type\":\"WebPage\",\"@id\":\"https:\/\/savatevercorsaltitude.com\/index.php\/inscription\/\",\"url\":\"https:\/\/savatevercorsaltitude.com\/index.php\/inscription\/\",\"name\":\"Inscriptions - Savate Vercors Altitude\",\"isPartOf\":{\"@id\":\"https:\/\/savatevercorsaltitude.com\/#website\"},\"datePublished\":\"2022-08-12T07:25:25+00:00\",\"dateModified\":\"2025-09-01T05:34:07+00:00\",\"description\":\"Voici les documents \u00e0 t\u00e9l\u00e9charger pour les inscriptions. A rendre compl\u00e9t\u00e9s avec un certificat m\u00e9dical ( 1ere inscription) ou attestation.\",\"breadcrumb\":{\"@id\":\"https:\/\/savatevercorsaltitude.com\/index.php\/inscription\/#breadcrumb\"},\"inLanguage\":\"fr-FR\",\"potentialAction\":[{\"@type\":\"ReadAction\",\"target\":[\"https:\/\/savatevercorsaltitude.com\/index.php\/inscription\/\"]}]},{\"@type\":\"BreadcrumbList\",\"@id\":\"https:\/\/savatevercorsaltitude.com\/index.php\/inscription\/#breadcrumb\",\"itemListElement\":[{\"@type\":\"ListItem\",\"position\":1,\"name\":\"Accueil\",\"item\":\"https:\/\/savatevercorsaltitude.com\/\"},{\"@type\":\"ListItem\",\"position\":2,\"name\":\"Inscriptions\"}]},{\"@type\":\"WebSite\",\"@id\":\"https:\/\/savatevercorsaltitude.com\/#website\",\"url\":\"https:\/\/savatevercorsaltitude.com\/\",\"name\":\"Savate Vercors Altitude\",\"description\":\"Savate Vercors Altitude\",\"publisher\":{\"@id\":\"https:\/\/savatevercorsaltitude.com\/#organization\"},\"potentialAction\":[{\"@type\":\"SearchAction\",\"target\":{\"@type\":\"EntryPoint\",\"urlTemplate\":\"https:\/\/savatevercorsaltitude.com\/?s={search_term_string}\"},\"query-input\":\"required name=search_term_string\"}],\"inLanguage\":\"fr-FR\"},{\"@type\":\"Organization\",\"@id\":\"https:\/\/savatevercorsaltitude.com\/#organization\",\"name\":\"Savate Vercors Altitude\",\"url\":\"https:\/\/savatevercorsaltitude.com\/\",\"logo\":{\"@type\":\"ImageObject\",\"inLanguage\":\"fr-FR\",\"@id\":\"https:\/\/savatevercorsaltitude.com\/#\/schema\/logo\/image\/\",\"url\":\"https:\/\/savatevercorsaltitude.com\/wp-content\/uploads\/2022\/07\/cropped-logo-2.jpg\",\"contentUrl\":\"https:\/\/savatevercorsaltitude.com\/wp-content\/uploads\/2022\/07\/cropped-logo-2.jpg\",\"width\":1181,\"height\":787,\"caption\":\"Savate Vercors Altitude\"},\"image\":{\"@id\":\"https:\/\/savatevercorsaltitude.com\/#\/schema\/logo\/image\/\"},\"sameAs\":[\"https:\/\/www.facebook.com\/savatevercorsaltitude\"]}]}<\/script>\n<!-- \/ Yoast SEO plugin. -->","yoast_head_json":{"title":"Inscriptions - Savate Vercors Altitude","description":"Voici les documents \u00e0 t\u00e9l\u00e9charger pour les inscriptions. A rendre compl\u00e9t\u00e9s avec un certificat m\u00e9dical ( 1ere inscription) ou attestation.","robots":{"index":"index","follow":"follow","max-snippet":"max-snippet:-1","max-image-preview":"max-image-preview:large","max-video-preview":"max-video-preview:-1"},"canonical":"https:\/\/savatevercorsaltitude.com\/index.php\/inscription\/","og_locale":"fr_FR","og_type":"article","og_title":"Inscriptions - Savate Vercors Altitude","og_description":"Voici les documents \u00e0 t\u00e9l\u00e9charger pour les inscriptions. A rendre compl\u00e9t\u00e9s avec un certificat m\u00e9dical ( 1ere inscription) ou attestation.","og_url":"https:\/\/savatevercorsaltitude.com\/index.php\/inscription\/","og_site_name":"Savate Vercors Altitude","article_publisher":"https:\/\/www.facebook.com\/savatevercorsaltitude","article_modified_time":"2025-09-01T05:34:07+00:00","og_image":[{"width":670,"height":460,"url":"https:\/\/savatevercorsaltitude.com\/wp-content\/uploads\/2022\/07\/entrainement.jpg","type":"image\/jpeg"}],"twitter_card":"summary_large_image","twitter_misc":{"Dur\u00e9e de lecture estim\u00e9e":"1 minute"},"schema":{"@context":"https:\/\/schema.org","@graph":[{"@type":"WebPage","@id":"https:\/\/savatevercorsaltitude.com\/index.php\/inscription\/","url":"https:\/\/savatevercorsaltitude.com\/index.php\/inscription\/","name":"Inscriptions - Savate Vercors Altitude","isPartOf":{"@id":"https:\/\/savatevercorsaltitude.com\/#website"},"datePublished":"2022-08-12T07:25:25+00:00","dateModified":"2025-09-01T05:34:07+00:00","description":"Voici les documents \u00e0 t\u00e9l\u00e9charger pour les inscriptions. A rendre compl\u00e9t\u00e9s avec un certificat m\u00e9dical ( 1ere inscription) ou attestation.","breadcrumb":{"@id":"https:\/\/savatevercorsaltitude.com\/index.php\/inscription\/#breadcrumb"},"inLanguage":"fr-FR","potentialAction":[{"@type":"ReadAction","target":["https:\/\/savatevercorsaltitude.com\/index.php\/inscription\/"]}]},{"@type":"BreadcrumbList","@id":"https:\/\/savatevercorsaltitude.com\/index.php\/inscription\/#breadcrumb","itemListElement":[{"@type":"ListItem","position":1,"name":"Accueil","item":"https:\/\/savatevercorsaltitude.com\/"},{"@type":"ListItem","position":2,"name":"Inscriptions"}]},{"@type":"WebSite","@id":"https:\/\/savatevercorsaltitude.com\/#website","url":"https:\/\/savatevercorsaltitude.com\/","name":"Savate Vercors Altitude","description":"Savate Vercors Altitude","publisher":{"@id":"https:\/\/savatevercorsaltitude.com\/#organization"},"potentialAction":[{"@type":"SearchAction","target":{"@type":"EntryPoint","urlTemplate":"https:\/\/savatevercorsaltitude.com\/?s={search_term_string}"},"query-input":"required name=search_term_string"}],"inLanguage":"fr-FR"},{"@type":"Organization","@id":"https:\/\/savatevercorsaltitude.com\/#organization","name":"Savate Vercors Altitude","url":"https:\/\/savatevercorsaltitude.com\/","logo":{"@type":"ImageObject","inLanguage":"fr-FR","@id":"https:\/\/savatevercorsaltitude.com\/#\/schema\/logo\/image\/","url":"https:\/\/savatevercorsaltitude.com\/wp-content\/uploads\/2022\/07\/cropped-logo-2.jpg","contentUrl":"https:\/\/savatevercorsaltitude.com\/wp-content\/uploads\/2022\/07\/cropped-logo-2.jpg","width":1181,"height":787,"caption":"Savate Vercors Altitude"},"image":{"@id":"https:\/\/savatevercorsaltitude.com\/#\/schema\/logo\/image\/"},"sameAs":["https:\/\/www.facebook.com\/savatevercorsaltitude"]}]}},"_links":{"self":[{"href":"https:\/\/savatevercorsaltitude.com\/index.php\/wp-json\/wp\/v2\/pages\/459","targetHints":{"allow":["GET"]}}],"collection":[{"href":"https:\/\/savatevercorsaltitude.com\/index.php\/wp-json\/wp\/v2\/pages"}],"about":[{"href":"https:\/\/savatevercorsaltitude.com\/index.php\/wp-json\/wp\/v2\/types\/page"}],"author":[{"embeddable":true,"href":"https:\/\/savatevercorsaltitude.com\/index.php\/wp-json\/wp\/v2\/users\/1"}],"replies":[{"embeddable":true,"href":"https:\/\/savatevercorsaltitude.com\/index.php\/wp-json\/wp\/v2\/comments?post=459"}],"version-history":[{"count":13,"href":"https:\/\/savatevercorsaltitude.com\/index.php\/wp-json\/wp\/v2\/pages\/459\/revisions"}],"predecessor-version":[{"id":714,"href":"https:\/\/savatevercorsaltitude.com\/index.php\/wp-json\/wp\/v2\/pages\/459\/revisions\/714"}],"wp:featuredmedia":[{"embeddable":true,"href":"https:\/\/savatevercorsaltitude.com\/index.php\/wp-json\/wp\/v2\/media\/175"}],"wp:attachment":[{"href":"https:\/\/savatevercorsaltitude.com\/index.php\/wp-json\/wp\/v2\/media?parent=459"}],"curies":[{"name":"wp","href":"https:\/\/api.w.org\/{rel}","templated":true}]}}